{"id":24,"date":"2021-10-12T17:40:07","date_gmt":"2021-10-12T17:40:07","guid":{"rendered":"http:\/\/sistartup.com\/?page_id=24"},"modified":"2023-03-13T08:34:24","modified_gmt":"2023-03-13T08:34:24","slug":"legal-disclosure","status":"publish","type":"page","link":"https:\/\/sistartup.com\/legal-disclosure\/","title":{"rendered":"Impressum"},"content":{"rendered":"\r\n<p><strong>SI StartUp Holding GmbH<\/strong><br \/>Ostpreu\u00dfenring 18a<br \/>23569 L\u00fcbeck<br \/>Deutschland<\/p>\r\n\r\n\r\n\r\n<p><strong>Kontakt:<\/strong><br \/>+49 (0) 159 0631 7199<br \/>hello@sistartup.com<br \/>www.sistartup.com<\/p>\r\n\r\n\r\n\r\n<p>Registergericht: L\u00fcbeck<br \/>Registernummer: HRB 15804 HL<br \/>Vertretungsberechtigter Gesch\u00e4ftsf\u00fchrer: Ilja D\u00f6ring<br \/>Umsatzsteuer-Identifikationsnummer nach \u00a7 27a UStG: DE274116103<br \/><br \/>Herausgeber und f\u00fcr den Inhalt Verantwortlicher: SI StartUp Holding GmbH<\/p>\r\n\r\n\r\n\r\n<p><strong>Urheberreicht<\/strong>:<br \/>Alle Rechte vorbehalten. Alle Inhalte (Texte, Bilder, Grafiken, Ton-, Video- und Animationsdateien sowie deren Anordnung u.a.) auf der Website\u00a0<a href=\"http:\/\/www.sistartup.com\">www.sistartup.com<\/a> unterliegen dem Schutz des Urheberrechts und anderer Schutzgesetze. Der Rechtsschutz gilt auch gegen\u00fcber Datenbanken und \u00e4hnlichen Einrichtungen. Die Inhalte sind nur f\u00fcr den bestimmungsgem\u00e4\u00dfen Abruf im Internet frei nutzbar. Die Inhalte dieser Websites d\u00fcrfen au\u00dferhalb der Grenzen des Urheberrechts ohne schriftliche Genehmigung der SI StartUp Holding GmbH nicht in irgendeiner Form vervielf\u00e4ltigt, verbreitet, ver\u00e4ndert oder Dritten zug\u00e4nglich gemacht werden. Ausgenommen sind Bilder und Grafiken von den Seiten www.unsplash.com und www.pixabay.com. Diese k\u00f6nnen, unter Einhaltung der dort auffindbaren Copyright Bestimmungen, auf den entspechenden Seite erworben werden.<\/p>\r\n\r\n\r\n\r\n<p><strong>Bildnachweis<\/strong>:<br \/>Alle Bilder auf dieser Homepage wurden entweder selbst erstellt oder legal erworben.<\/p>\r\n\r\n<p>&nbsp;<\/p>","protected":false},"excerpt":{"rendered":"<p>SI StartUp Holding GmbHOstpreu\u00dfenring 18a23569 L\u00fcbeckDeutschland Kontakt:+49 (0) 159 0631 7199hello@sistartup.comwww.sistartup.com Registergericht: L\u00fcbeckRegisternummer: HRB 15804 HLVertretungsberechtigter Gesch\u00e4ftsf\u00fchrer: Ilja D\u00f6ringUmsatzsteuer-Identifikationsnummer nach \u00a7 27a UStG: DE274116103 Herausgeber und f\u00fcr den Inhalt Verantwortlicher: SI StartUp Holding GmbH Urheberreicht:Alle Rechte vorbehalten. Alle Inhalte (Texte, Bilder, Grafiken, Ton-, Video- und Animationsdateien sowie deren Anordnung u.a.) auf der Website\u00a0www.sistartup.com unterliegen dem &hellip; <\/p>\n<p class=\"link-more\"><a href=\"https:\/\/sistartup.com\/legal-disclosure\/\" class=\"more-link\"><span class=\"screen-reader-text\">\u201eImpressum\u201c<\/span> weiterlesen<\/a><\/p>\n","protected":false},"author":1,"featured_media":0,"parent":0,"menu_order":0,"comment_status":"closed","ping_status":"closed","template":"","meta":{"footnotes":""},"class_list":["post-24","page","type-page","status-publish","hentry"],"_links":{"self":[{"href":"https:\/\/sistartup.com\/wp-json\/wp\/v2\/pages\/24","targetHints":{"allow":["GET"]}}],"collection":[{"href":"https:\/\/sistartup.com\/wp-json\/wp\/v2\/pages"}],"about":[{"href":"https:\/\/sistartup.com\/wp-json\/wp\/v2\/types\/page"}],"author":[{"embeddable":true,"href":"https:\/\/sistartup.com\/wp-json\/wp\/v2\/users\/1"}],"replies":[{"embeddable":true,"href":"https:\/\/sistartup.com\/wp-json\/wp\/v2\/comments?post=24"}],"version-history":[{"count":21,"href":"https:\/\/sistartup.com\/wp-json\/wp\/v2\/pages\/24\/revisions"}],"predecessor-version":[{"id":78,"href":"https:\/\/sistartup.com\/wp-json\/wp\/v2\/pages\/24\/revisions\/78"}],"wp:attachment":[{"href":"https:\/\/sistartup.com\/wp-json\/wp\/v2\/media?parent=24"}],"curies":[{"name":"wp","href":"https:\/\/api.w.org\/{rel}","templated":true}]}}